{"id":77,"date":"2019-08-19T17:27:08","date_gmt":"2019-08-19T17:27:08","guid":{"rendered":"https:\/\/www.idioma.nl\/home\/?page_id=77"},"modified":"2019-09-09T13:12:36","modified_gmt":"2019-09-09T13:12:36","slug":"inicio","status":"publish","type":"page","link":"https:\/\/www.idioma.nl\/home\/es\/inicio\/","title":{"rendered":"inicio"},"content":{"rendered":"\n<p>Idioma\nle ofrece <strong>cursos\nde espa\u00f1ol<\/strong>\na medida para empresas y particulares. Los cursos de lengua y cultura\nhispana de Idioma se adaptan a los niveles establecidos en el Marco\nCom\u00fan Europeo de Referencia para las lenguas (Nivel A1 a Nivel C1+).<\/p>\n\n\n\n<p>Idioma\nle ofrece tambi\u00e9n <strong>servicios\nde traducci\u00f3n<\/strong>\nen diferentes \u00e1reas. Nuestra especializaci\u00f3n es la\ntraducci\u00f3n\nde textos jur\u00eddicos.<\/p>\n\n\n\n<p>Adem\u00e1s\nde traducciones, ya sean juradas o no, ofrecemos <strong>servicios\nde interpretaci\u00f3n<\/strong>\ntanto a empresas en Holanda que realizan negocios con pa\u00edses de\nhabla hispana como a empresas o delegaciones de Espa\u00f1a y\nLatinoam\u00e9rica durante la presentaci\u00f3n de su empresa o de sus\nproductos en Holanda, al igual que les acompa\u00f1amos en sus reuniones.<\/p>\n\n\n\n<p>Rigor,\nprofesionalidad, servicio de calidad, confidencialidad y trato\npersonalizado son nuestros referentes.<\/p>\n\n\n\n<p><\/p>\n\n\n\n<p><\/p>\n\n\n<div id=\"themify_builder_content-77\" data-postid=\"77\" class=\"themify_builder_content themify_builder_content-77 themify_builder\">\n\n    \n\t\t<!-- module_row -->\n\t\t<div  class=\"themify_builder_row module_row clearfix module_row_0 themify_builder_77_row module_row_77-0\" data-id=\"d49e455\">\n\t\t\t\t\t\t<div class=\"row_inner col_align_top\" >\n                                    <div  class=\"module_column tb-column col-full first tb_77_column module_column_0 module_column_77-0-0\" data-id=\"bcd0a69\" >\n                                                                <div class=\"tb-column-inner\">\n                            \n\n    <!-- module image -->\n    <div  id=\"image-77-0-0-0\" class=\"module module-image image-77-0-0-0  image-top  \" data-id=\"425e511\">\n        <!--insert-->\n        \n        <div class=\"image-wrap\">\n                            <img decoding=\"async\" src=\"https:\/\/www.idioma.nl\/wp-content\/uploads\/2019\/09\/spain-2062502_1920-1-1024x271-1920x508.jpg\" width=\"1920\" class=\" wp-post-image wp-image-163\" alt=\"spain 2062502_1920 1\" srcset=\"https:\/\/www.idioma.nl\/wp-content\/uploads\/2019\/09\/spain-2062502_1920-1.jpg 1920w, https:\/\/www.idioma.nl\/wp-content\/uploads\/2019\/09\/spain-2062502_1920-1-300x79.jpg 300w, https:\/\/www.idioma.nl\/wp-content\/uploads\/2019\/09\/spain-2062502_1920-1-768x203.jpg 768w, https:\/\/www.idioma.nl\/wp-content\/uploads\/2019\/09\/spain-2062502_1920-1-1024x271.jpg 1024w\" sizes=\"(max-width: 1920px) 100vw, 1920px\" \/>            \n                        <\/div>\n            <!-- \/image-wrap -->\n        \n        \n            <\/div>\n    <!-- \/module image -->\n\n                        <\/div>\n                    \t\t<\/div>\n\t\t                                <\/div>\n                                <!-- \/row_inner -->\n                        <\/div>\n                        <!-- \/module_row -->\n\t\t<\/div>\n","protected":false},"excerpt":{"rendered":"<p>Idioma le ofrece cursos de espa\u00f1ol a medida para empresas y particulares. Los cursos de lengua y cultura hispana de Idioma se adaptan a los niveles establecidos en el Marco Com\u00fan Europeo de Referencia para las lenguas (Nivel A1 a Nivel C1+). Idioma le ofrece tambi\u00e9n servicios de traducci\u00f3n en diferentes \u00e1reas. Nuestra especializaci\u00f3n es [&hellip;]<\/p>\n","protected":false},"author":1,"featured_media":0,"parent":0,"menu_order":1,"comment_status":"closed","ping_status":"closed","template":"","meta":{"_seopress_robots_primary_cat":"","_seopress_titles_title":"","_seopress_titles_desc":"","_seopress_robots_index":"","footnotes":""},"builder_content":"<img decoding=\"async\" src=\"https:\/\/www.idioma.nl\/wp-content\/uploads\/2019\/09\/spain-2062502_1920-1-1024x271-1920x508.jpg\" width=\"1920\" alt=\"spain 2062502_1920 1\" srcset=\"https:\/\/www.idioma.nl\/wp-content\/uploads\/2019\/09\/spain-2062502_1920-1.jpg 1920w, https:\/\/www.idioma.nl\/wp-content\/uploads\/2019\/09\/spain-2062502_1920-1-300x79.jpg 300w, https:\/\/www.idioma.nl\/wp-content\/uploads\/2019\/09\/spain-2062502_1920-1-768x203.jpg 768w, https:\/\/www.idioma.nl\/wp-content\/uploads\/2019\/09\/spain-2062502_1920-1-1024x271.jpg 1024w\" sizes=\"(max-width: 1920px) 100vw, 1920px\" \/>","_links":{"self":[{"href":"https:\/\/www.idioma.nl\/home\/wp-json\/wp\/v2\/pages\/77"}],"collection":[{"href":"https:\/\/www.idioma.nl\/home\/wp-json\/wp\/v2\/pages"}],"about":[{"href":"https:\/\/www.idioma.nl\/home\/wp-json\/wp\/v2\/types\/page"}],"author":[{"embeddable":true,"href":"https:\/\/www.idioma.nl\/home\/wp-json\/wp\/v2\/users\/1"}],"replies":[{"embeddable":true,"href":"https:\/\/www.idioma.nl\/home\/wp-json\/wp\/v2\/comments?post=77"}],"version-history":[{"count":13,"href":"https:\/\/www.idioma.nl\/home\/wp-json\/wp\/v2\/pages\/77\/revisions"}],"predecessor-version":[{"id":164,"href":"https:\/\/www.idioma.nl\/home\/wp-json\/wp\/v2\/pages\/77\/revisions\/164"}],"wp:attachment":[{"href":"https:\/\/www.idioma.nl\/home\/wp-json\/wp\/v2\/media?parent=77"}],"curies":[{"name":"wp","href":"https:\/\/api.w.org\/{rel}","templated":true}]}}