{"id":16,"date":"2019-08-14T21:20:49","date_gmt":"2019-08-14T21:20:49","guid":{"rendered":"https:\/\/www.idioma.nl\/?page_id=16"},"modified":"2019-11-28T23:34:52","modified_gmt":"2019-11-28T23:34:52","slug":"specialisme-en-beediging","status":"publish","type":"page","link":"https:\/\/www.idioma.nl\/home\/specialisme-en-beediging\/","title":{"rendered":"Specialisme en be\u00ebdiging"},"content":{"rendered":"\n<p>JURIDISCH<\/p>\n\n\n\n<ul><li>Uittreksels uit de Burgerlijke Stand:\ngeboorteakte, huwelijksakte, overlijdensakte, akte geregistreerd partnerschap,\nscheidingsakte, etc.<\/li><li>Civiel recht: scheidingsconvenant,\nouderschapplan, etc.<\/li><li>Notari\u00eble akten: volmacht, statuten, oprichtingsakte,\nkoopakte, huwelijksvoorwaarden, testament, etc.<\/li><li>Processtukken: Dagvaarding,\nverzoekschrift, verweerschrift, beschikking, proces-verbaal, etc.<\/li><li>Overeenkomsten: arbeidsovereenkomst,\nkoopovereenkomst, huurovereenkomst, etc.<\/li><li>Diversen: Loonstrook, fiscaal overzicht,\nwerkgeversverklaring, etc.<\/li><\/ul>\n\n\n\n<p>BE\u00cbDIGDE VERTALINGEN<\/p>\n\n\n\n<p>Wij leveren ook be\u00ebdigde vertalingen van offici\u00eble\ndocumenten in en uit het Spaans en het Nederlands. \n\nNaast ons specialisme in het\njuridische vakgebied, vertalen wij ook journalistieke teksten,\nbedrijfseconomische rapporten, brochures, handleidingen, websites, etc.\n\n\n\n<\/p>\n\n\n<div id=\"themify_builder_content-16\" data-postid=\"16\" class=\"themify_builder_content themify_builder_content-16 themify_builder\">\n\n    \n\t\t<!-- module_row -->\n\t\t<div  class=\"themify_builder_row module_row clearfix module_row_0 themify_builder_16_row module_row_16-0\" data-id=\"4253976\">\n\t\t\t\t\t\t<div class=\"row_inner col_align_top\" >\n                                    <div  class=\"module_column tb-column col-full first tb_16_column module_column_0 module_column_16-0-0\" data-id=\"d4d5089\" >\n                                                                <div class=\"tb-column-inner\">\n                            \n\n    <!-- module image -->\n    <div  id=\"image-16-0-0-0\" class=\"module module-image image-16-0-0-0  image-top  \" data-id=\"5ba9199\">\n        <!--insert-->\n        \n        <div class=\"image-wrap\">\n                            <img decoding=\"async\" loading=\"lazy\" src=\"https:\/\/www.idioma.nl\/wp-content\/uploads\/2019\/11\/stempel-idioma-250x250.jpg\" width=\"250\" height=\"250\" class=\" wp-post-image wp-image-184\" alt=\"stempel idioma\" srcset=\"https:\/\/www.idioma.nl\/wp-content\/uploads\/2019\/11\/stempel-idioma-250x250.jpg 250w, https:\/\/www.idioma.nl\/wp-content\/uploads\/2019\/11\/stempel-idioma-150x150.jpg 150w\" sizes=\"(max-width: 250px) 100vw, 250px\" \/>            \n                        <\/div>\n            <!-- \/image-wrap -->\n        \n        \n            <\/div>\n    <!-- \/module image -->\n\n                        <\/div>\n                    \t\t<\/div>\n\t\t                                <\/div>\n                                <!-- \/row_inner -->\n                        <\/div>\n                        <!-- \/module_row -->\n\t\t<\/div>\n","protected":false},"excerpt":{"rendered":"<p>JURIDISCH Uittreksels uit de Burgerlijke Stand: geboorteakte, huwelijksakte, overlijdensakte, akte geregistreerd partnerschap, scheidingsakte, etc. Civiel recht: scheidingsconvenant, ouderschapplan, etc. Notari\u00eble akten: volmacht, statuten, oprichtingsakte, koopakte, huwelijksvoorwaarden, testament, etc. Processtukken: Dagvaarding, verzoekschrift, verweerschrift, beschikking, proces-verbaal, etc. Overeenkomsten: arbeidsovereenkomst, koopovereenkomst, huurovereenkomst, etc. Diversen: Loonstrook, fiscaal overzicht, werkgeversverklaring, etc. BE\u00cbDIGDE VERTALINGEN Wij leveren ook be\u00ebdigde vertalingen van offici\u00eble [&hellip;]<\/p>\n","protected":false},"author":1,"featured_media":0,"parent":0,"menu_order":0,"comment_status":"closed","ping_status":"closed","template":"","meta":{"_seopress_robots_primary_cat":"","_seopress_titles_title":"","_seopress_titles_desc":"","_seopress_robots_index":"","footnotes":""},"builder_content":"<img decoding=\"async\" loading=\"lazy\" src=\"https:\/\/www.idioma.nl\/wp-content\/uploads\/2019\/11\/stempel-idioma-250x250.jpg\" width=\"250\" height=\"250\" alt=\"stempel idioma\" srcset=\"https:\/\/www.idioma.nl\/wp-content\/uploads\/2019\/11\/stempel-idioma-250x250.jpg 250w, https:\/\/www.idioma.nl\/wp-content\/uploads\/2019\/11\/stempel-idioma-150x150.jpg 150w\" sizes=\"(max-width: 250px) 100vw, 250px\" \/>","_links":{"self":[{"href":"https:\/\/www.idioma.nl\/home\/wp-json\/wp\/v2\/pages\/16"}],"collection":[{"href":"https:\/\/www.idioma.nl\/home\/wp-json\/wp\/v2\/pages"}],"about":[{"href":"https:\/\/www.idioma.nl\/home\/wp-json\/wp\/v2\/types\/page"}],"author":[{"embeddable":true,"href":"https:\/\/www.idioma.nl\/home\/wp-json\/wp\/v2\/users\/1"}],"replies":[{"embeddable":true,"href":"https:\/\/www.idioma.nl\/home\/wp-json\/wp\/v2\/comments?post=16"}],"version-history":[{"count":6,"href":"https:\/\/www.idioma.nl\/home\/wp-json\/wp\/v2\/pages\/16\/revisions"}],"predecessor-version":[{"id":205,"href":"https:\/\/www.idioma.nl\/home\/wp-json\/wp\/v2\/pages\/16\/revisions\/205"}],"wp:attachment":[{"href":"https:\/\/www.idioma.nl\/home\/wp-json\/wp\/v2\/media?parent=16"}],"curies":[{"name":"wp","href":"https:\/\/api.w.org\/{rel}","templated":true}]}}