{"id":105,"date":"2019-08-19T22:13:03","date_gmt":"2019-08-19T22:13:03","guid":{"rendered":"https:\/\/www.idioma.nl\/home\/?page_id=105"},"modified":"2024-07-05T08:27:05","modified_gmt":"2024-07-05T08:27:05","slug":"contacto","status":"publish","type":"page","link":"https:\/\/www.idioma.nl\/home\/es\/contacto\/","title":{"rendered":"Contacto"},"content":{"rendered":"\n<p>Si\ndesea recibir m\u00e1s informaci\u00f3n, p\u00f3ngase en contacto con nosotros:<\/p>\n\n\n\n<p>Maskerbloemstraat 28 3053 EE Rotterdam (Pa\u00edses Bajos)<\/p>\n\n\n\n<p>Tel\u00e9fono: +31 102657957 \/ +31 6 47946626<\/p>\n\n\n\n<p>Email:\u00a0<a href=\"mailto:info@idioma.nl\" target=\"_blank\" rel=\"noreferrer noopener\">info@idioma.nl<\/a><\/p>\n\n\n\n<p>P\u00e1gina web: <a href=\"https:\/\/www.idioma.nl\/\">www.idioma.nl<\/a> <\/p>\n\n\n\n<p>BTW: 2403.83.849.B01  <\/p>\n\n\n\n<p>KVK: 24421790<\/p>\n\n\n\n<p>LinkedIn:<a href=\"https:\/\/nl.linkedin.com\/in\/ana-salcines-angulo-a71b781a\"> https:\/\/nl.linkedin.com\/in\/ana-salcines-angulo-a71b781a<\/a><\/p>\n\n\n<div id=\"themify_builder_content-105\" data-postid=\"105\" class=\"themify_builder_content themify_builder_content-105 themify_builder\">\n\n    \n\t\t<!-- module_row -->\n\t\t<div  class=\"themify_builder_row module_row clearfix module_row_0 themify_builder_105_row module_row_105-0\" data-id=\"c55de03\">\n\t\t\t\t\t\t<div class=\"row_inner col_align_top\" >\n                                    <div  class=\"module_column tb-column col-full first tb_105_column module_column_0 module_column_105-0-0\" data-id=\"77077bf\" >\n                                                                <div class=\"tb-column-inner\">\n                            \n\n\n\t<!-- module widget -->\n\t<div  id=\"widget-105-0-0-0\" class=\"module module-widget widget-105-0-0-0  repeat \" data-id=\"415315e\">\n\t\t<!--insert-->\n\t\t<div class=\"widget wpgmza_widget\"><div id=\"wpgmza_map_1\" class=\"wpgmza_map wpgmza-auto-left\" style=\"display:block;width:100\\%;height:400px;overflow:hidden;position:relative;\" data-map-id=\"1\" data-maps-engine=\"google-maps\" data-build-engine=\"atlas-novus\" data-shortcode-attributes=\"{&quot;id&quot;:&quot;1&quot;,&quot;zoom&quot;:false,&quot;width&quot;:false,&quot;height&quot;:false,&quot;marker&quot;:false,&quot;classname&quot;:false}\" data-settings=\"{&quot;map_title&quot;:&quot;idioma&quot;,&quot;map_width&quot;:&quot;100&quot;,&quot;map_height&quot;:&quot;400&quot;,&quot;map_start_lat&quot;:&quot;51.956152&quot;,&quot;map_start_lng&quot;:&quot;4.475395&quot;,&quot;map_start_location&quot;:&quot;51.95615204399219,4.4753952103282835&quot;,&quot;map_start_zoom&quot;:&quot;14&quot;,&quot;default_marker&quot;:&quot;0&quot;,&quot;type&quot;:&quot;1&quot;,&quot;alignment&quot;:&quot;1&quot;,&quot;directions_enabled&quot;:&quot;1&quot;,&quot;styling_enabled&quot;:&quot;0&quot;,&quot;styling_json&quot;:&quot;&quot;,&quot;active&quot;:&quot;0&quot;,&quot;kml&quot;:&quot;&quot;,&quot;bicycle&quot;:&quot;0&quot;,&quot;traffic&quot;:&quot;0&quot;,&quot;dbox&quot;:&quot;1&quot;,&quot;dbox_width&quot;:&quot;100&quot;,&quot;listmarkers&quot;:&quot;0&quot;,&quot;listmarkers_advanced&quot;:&quot;0&quot;,&quot;filterbycat&quot;:&quot;0&quot;,&quot;ugm_enabled&quot;:&quot;0&quot;,&quot;ugm_category_enabled&quot;:&quot;0&quot;,&quot;fusion&quot;:&quot;&quot;,&quot;map_width_type&quot;:&quot;\\%&quot;,&quot;map_height_type&quot;:&quot;px&quot;,&quot;mass_marker_support&quot;:&quot;1&quot;,&quot;ugm_access&quot;:&quot;0&quot;,&quot;order_markers_by&quot;:&quot;1&quot;,&quot;order_markers_choice&quot;:&quot;2&quot;,&quot;show_user_location&quot;:&quot;0&quot;,&quot;default_to&quot;:&quot;&quot;,&quot;store_locator_enabled&quot;:2,&quot;store_locator_distance&quot;:2,&quot;store_locator_default_radius&quot;:10,&quot;store_locator_not_found_message&quot;:&quot;No results found in this location. Please try again.&quot;,&quot;store_locator_bounce&quot;:1,&quot;store_locator_query_string&quot;:&quot;PC \\\/ Adres&quot;,&quot;store_locator_default_address&quot;:&quot;&quot;,&quot;wpgmza_store_locator_restrict&quot;:&quot;&quot;,&quot;store_locator_style&quot;:&quot;modern&quot;,&quot;wpgmza_store_locator_radius_style&quot;:&quot;modern&quot;,&quot;map_max_zoom&quot;:&quot;1&quot;,&quot;transport_layer&quot;:0,&quot;wpgmza_theme_data&quot;:&quot;&quot;,&quot;wpgmza_show_points_of_interest&quot;:1,&quot;wpgmza_auto_night&quot;:0,&quot;id&quot;:1}\" ><\/div><\/div>\t<\/div><!-- \/module widget -->\n\n                        <\/div>\n                    \t\t<\/div>\n\t\t                                <\/div>\n                                <!-- \/row_inner -->\n                        <\/div>\n                        <!-- \/module_row -->\n\t\t<\/div>\n","protected":false},"excerpt":{"rendered":"<p>Si desea recibir m\u00e1s informaci\u00f3n, p\u00f3ngase en contacto con nosotros: Maskerbloemstraat 28 3053 EE Rotterdam (Pa\u00edses Bajos) Tel\u00e9fono: +31 102657957 \/ +31 6 47946626 Email:\u00a0info@idioma.nl P\u00e1gina web: www.idioma.nl BTW: 2403.83.849.B01 KVK: 24421790 LinkedIn: https:\/\/nl.linkedin.com\/in\/ana-salcines-angulo-a71b781a<\/p>\n","protected":false},"author":1,"featured_media":0,"parent":0,"menu_order":5,"comment_status":"closed","ping_status":"closed","template":"","meta":{"_seopress_robots_primary_cat":"","_seopress_titles_title":"","_seopress_titles_desc":"","_seopress_robots_index":"","footnotes":""},"builder_content":"","_links":{"self":[{"href":"https:\/\/www.idioma.nl\/home\/wp-json\/wp\/v2\/pages\/105"}],"collection":[{"href":"https:\/\/www.idioma.nl\/home\/wp-json\/wp\/v2\/pages"}],"about":[{"href":"https:\/\/www.idioma.nl\/home\/wp-json\/wp\/v2\/types\/page"}],"author":[{"embeddable":true,"href":"https:\/\/www.idioma.nl\/home\/wp-json\/wp\/v2\/users\/1"}],"replies":[{"embeddable":true,"href":"https:\/\/www.idioma.nl\/home\/wp-json\/wp\/v2\/comments?post=105"}],"version-history":[{"count":8,"href":"https:\/\/www.idioma.nl\/home\/wp-json\/wp\/v2\/pages\/105\/revisions"}],"predecessor-version":[{"id":217,"href":"https:\/\/www.idioma.nl\/home\/wp-json\/wp\/v2\/pages\/105\/revisions\/217"}],"wp:attachment":[{"href":"https:\/\/www.idioma.nl\/home\/wp-json\/wp\/v2\/media?parent=105"}],"curies":[{"name":"wp","href":"https:\/\/api.w.org\/{rel}","templated":true}]}}